{"id":4784,"date":"2026-02-22T09:41:50","date_gmt":"2026-02-22T09:41:50","guid":{"rendered":"https:\/\/luxeur.fr\/?page_id=4784"},"modified":"2026-03-02T10:00:03","modified_gmt":"2026-03-02T10:00:03","slug":"contactez-nous","status":"publish","type":"page","link":"https:\/\/luxeur.fr\/?page_id=4784","title":{"rendered":"Contactez-nous"},"content":{"rendered":"\n<p>Merci de votre visite sur <strong>Luxeur<\/strong>. Nous sommes ravis de votre int\u00e9r\u00eat ! Que vous soyez passionn\u00e9(e) de technologies v\u00e9t\u00e9rinaires ou simplement curieux(se), nous sommes heureux de vous accueillir.<\/p>\n\n\n\n<p>Notre site web se concentre sur l&#8217;intersection entre la technologie et la pratique v\u00e9t\u00e9rinaire. Des derni\u00e8res innovations du secteur aux conseils pour g\u00e9rer une clinique \u00e0 la pointe du num\u00e9rique, nous avons pour objectif de fournir des informations et un soutien pr\u00e9cieux aux v\u00e9t\u00e9rinaires comme aux passionn\u00e9s de technologies. Pour toute question, suggestion ou proposition de collaboration, n&#8217;h\u00e9sitez pas \u00e0 nous contacter !<\/p>\n\n\n\n<p>Vous pouvez nous joindre directement :<\/p>\n\n\n\n<p>Courriel : Postingkinghub@gmail.com<\/p>\n\n\n\n<p>Identifiant Telegram : @DynamaticLinks<\/p>\n\n\n\n<p>Nous nous effor\u00e7ons de r\u00e9pondre \u00e0 toutes les demandes sous 24 \u00e0 48 heures. Vos commentaires, suggestions et propositions de partenariat sont toujours les bienvenus. Votre avis compte pour nous et nous avons h\u00e2te de vous lire.<\/p>\n\n\n\n<p>Chez<a href=\"https:\/\/luxeur.fr\/\" data-type=\"link\" data-id=\"https:\/\/luxeur.fr\/\"> <strong>Luxeur<\/strong><\/a>, notre mission est simple : proposer un contenu pertinent qui fait le lien entre la technologie et la sant\u00e9 animale. Vos commentaires nous aident \u00e0 poursuivre et \u00e0 d\u00e9velopper cette mission.<\/p>\n\n\n\n<p>Merci encore de votre visite. Nous esp\u00e9rons avoir de vos nouvelles prochainement et vous accompagner dans votre parcours en technologies v\u00e9t\u00e9rinaires&nbsp;!<\/p>\n","protected":false},"excerpt":{"rendered":"<p>Merci de votre visite sur Luxeur. Nous sommes ravis de votre int\u00e9r\u00eat ! Que vous soyez passionn\u00e9(e) de technologies v\u00e9t\u00e9rinaires ou simplement curieux(se), nous sommes heureux de vous accueillir. Notre site web se concentre sur l&#8217;intersection entre la technologie et la pratique v\u00e9t\u00e9rinaire. Des derni\u00e8res innovations du secteur aux conseils pour g\u00e9rer une clinique \u00e0<\/p>\n","protected":false},"author":1,"featured_media":0,"parent":0,"menu_order":0,"comment_status":"closed","ping_status":"closed","template":"","meta":{"footnotes":""},"class_list":["post-4784","page","type-page","status-publish"],"_hostinger_reach_plugin_has_subscription_block":false,"_hostinger_reach_plugin_is_elementor":false,"_links":{"self":[{"href":"https:\/\/luxeur.fr\/index.php?rest_route=\/wp\/v2\/pages\/4784","targetHints":{"allow":["GET"]}}],"collection":[{"href":"https:\/\/luxeur.fr\/index.php?rest_route=\/wp\/v2\/pages"}],"about":[{"href":"https:\/\/luxeur.fr\/index.php?rest_route=\/wp\/v2\/types\/page"}],"author":[{"embeddable":true,"href":"https:\/\/luxeur.fr\/index.php?rest_route=\/wp\/v2\/users\/1"}],"replies":[{"embeddable":true,"href":"https:\/\/luxeur.fr\/index.php?rest_route=%2Fwp%2Fv2%2Fcomments&post=4784"}],"version-history":[{"count":2,"href":"https:\/\/luxeur.fr\/index.php?rest_route=\/wp\/v2\/pages\/4784\/revisions"}],"predecessor-version":[{"id":4861,"href":"https:\/\/luxeur.fr\/index.php?rest_route=\/wp\/v2\/pages\/4784\/revisions\/4861"}],"wp:attachment":[{"href":"https:\/\/luxeur.fr\/index.php?rest_route=%2Fwp%2Fv2%2Fmedia&parent=4784"}],"curies":[{"name":"wp","href":"https:\/\/api.w.org\/{rel}","templated":true}]}}