{"id":4782,"date":"2026-02-22T09:38:34","date_gmt":"2026-02-22T09:38:34","guid":{"rendered":"https:\/\/luxeur.fr\/?page_id=4782"},"modified":"2026-02-22T09:38:35","modified_gmt":"2026-02-22T09:38:35","slug":"a-propos-de-nous","status":"publish","type":"page","link":"https:\/\/luxeur.fr\/?page_id=4782","title":{"rendered":"\u00c0 propos de nous"},"content":{"rendered":"\n<p>Luxeur est une plateforme captivante pour les lecteurs en qu\u00eate de portails uniques et de grande qualit\u00e9 pour rester inform\u00e9s des derni\u00e8res actualit\u00e9s mondiales en mati\u00e8re de commerce, sant\u00e9, style de vie, actualit\u00e9s \u00e9conomiques et autres \u00e9v\u00e9nements marquants. Gr\u00e2ce \u00e0 un style d&#8217;\u00e9criture cr\u00e9atif pour chaque article, nous r\u00e9pondons aux attentes des g\u00e9n\u00e9rations actuelles. Sur <a href=\"https:\/\/luxeur.fr\/\" data-type=\"link\" data-id=\"https:\/\/luxeur.fr\/\">Luxeur,<\/a> vous b\u00e9n\u00e9ficiez d&#8217;une information pertinente et authentique, directement \u00e0 la source<\/p>\n","protected":false},"excerpt":{"rendered":"<p>Luxeur est une plateforme captivante pour les lecteurs en qu\u00eate de portails uniques et de grande qualit\u00e9 pour rester inform\u00e9s des derni\u00e8res actualit\u00e9s mondiales en mati\u00e8re de commerce, sant\u00e9, style de vie, actualit\u00e9s \u00e9conomiques et autres \u00e9v\u00e9nements marquants. Gr\u00e2ce \u00e0 un style d&#8217;\u00e9criture cr\u00e9atif pour chaque article, nous r\u00e9pondons aux attentes des g\u00e9n\u00e9rations actuelles. Sur<\/p>\n","protected":false},"author":1,"featured_media":0,"parent":0,"menu_order":0,"comment_status":"closed","ping_status":"closed","template":"","meta":{"footnotes":""},"class_list":["post-4782","page","type-page","status-publish"],"_hostinger_reach_plugin_has_subscription_block":false,"_hostinger_reach_plugin_is_elementor":false,"_links":{"self":[{"href":"https:\/\/luxeur.fr\/index.php?rest_route=\/wp\/v2\/pages\/4782","targetHints":{"allow":["GET"]}}],"collection":[{"href":"https:\/\/luxeur.fr\/index.php?rest_route=\/wp\/v2\/pages"}],"about":[{"href":"https:\/\/luxeur.fr\/index.php?rest_route=\/wp\/v2\/types\/page"}],"author":[{"embeddable":true,"href":"https:\/\/luxeur.fr\/index.php?rest_route=\/wp\/v2\/users\/1"}],"replies":[{"embeddable":true,"href":"https:\/\/luxeur.fr\/index.php?rest_route=%2Fwp%2Fv2%2Fcomments&post=4782"}],"version-history":[{"count":1,"href":"https:\/\/luxeur.fr\/index.php?rest_route=\/wp\/v2\/pages\/4782\/revisions"}],"predecessor-version":[{"id":4783,"href":"https:\/\/luxeur.fr\/index.php?rest_route=\/wp\/v2\/pages\/4782\/revisions\/4783"}],"wp:attachment":[{"href":"https:\/\/luxeur.fr\/index.php?rest_route=%2Fwp%2Fv2%2Fmedia&parent=4782"}],"curies":[{"name":"wp","href":"https:\/\/api.w.org\/{rel}","templated":true}]}}